{"id":944,"date":"2025-07-17T15:45:42","date_gmt":"2025-07-17T18:45:42","guid":{"rendered":"https:\/\/helenakolody.art\/?page_id=944"},"modified":"2025-08-25T14:27:24","modified_gmt":"2025-08-25T17:27:24","slug":"loja","status":"publish","type":"page","link":"https:\/\/helenakolody.art\/en\/loja\/","title":{"rendered":"Loja"},"content":{"rendered":"\t\t<div data-elementor-type=\"wp-page\" data-elementor-id=\"944\" class=\"elementor elementor-944\" data-elementor-post-type=\"page\">\n\t\t\t\t<div class=\"elementor-element elementor-element-9c0a722 elementor-hidden-desktop elementor-hidden-tablet elementor-hidden-mobile e-flex e-con-boxed e-con e-parent\" data-id=\"9c0a722\" data-element_type=\"container\">\n\t\t\t\t\t<div class=\"e-con-inner\">\n\t\t\t\t<div class=\"elementor-element elementor-element-1206522 elementor-invisible elementor-widget elementor-widget-heading\" data-id=\"1206522\" data-element_type=\"widget\" data-settings=\"{&quot;_animation&quot;:&quot;fadeInDown&quot;}\" data-widget_type=\"heading.default\">\n\t\t\t\t<div class=\"elementor-widget-container\">\n\t\t\t\t\t<h2 class=\"elementor-heading-title elementor-size-default\">loja.<\/h2>\t\t\t\t<\/div>\n\t\t\t\t<\/div>\n\t\t\t\t\t<\/div>\n\t\t\t\t<\/div>\n\t\t<div class=\"elementor-element elementor-element-5f60557 e-con-full e-flex e-con e-parent\" data-id=\"5f60557\" data-element_type=\"container\">\n\t\t\t\t<div class=\"elementor-element elementor-element-bf22a27 elementor-hidden-tablet elementor-hidden-mobile elementor-widget elementor-widget-image\" data-id=\"bf22a27\" data-element_type=\"widget\" data-widget_type=\"image.default\">\n\t\t\t\t<div class=\"elementor-widget-container\">\n\t\t\t\t\t\t\t\t\t\t\t\t\t\t\t<img fetchpriority=\"high\" decoding=\"async\" width=\"1662\" height=\"150\" src=\"https:\/\/helenakolody.art\/wp-content\/uploads\/2025\/07\/barra-v5.png\" class=\"attachment-full size-full wp-image-1323\" alt=\"\" srcset=\"https:\/\/helenakolody.art\/wp-content\/uploads\/2025\/07\/barra-v5.png 1662w, https:\/\/helenakolody.art\/wp-content\/uploads\/2025\/07\/barra-v5-300x27.png 300w, https:\/\/helenakolody.art\/wp-content\/uploads\/2025\/07\/barra-v5-1024x92.png 1024w, https:\/\/helenakolody.art\/wp-content\/uploads\/2025\/07\/barra-v5-768x69.png 768w, https:\/\/helenakolody.art\/wp-content\/uploads\/2025\/07\/barra-v5-1536x139.png 1536w\" sizes=\"(max-width: 1662px) 100vw, 1662px\" \/>\t\t\t\t\t\t\t\t\t\t\t\t\t\t\t<\/div>\n\t\t\t\t<\/div>\n\t\t\t\t<div class=\"elementor-element elementor-element-dbeb4a7 elementor-hidden-desktop elementor-widget elementor-widget-image\" data-id=\"dbeb4a7\" data-element_type=\"widget\" data-widget_type=\"image.default\">\n\t\t\t\t<div class=\"elementor-widget-container\">\n\t\t\t\t\t\t\t\t\t\t\t\t\t\t\t<img fetchpriority=\"high\" decoding=\"async\" width=\"1662\" height=\"150\" src=\"https:\/\/helenakolody.art\/wp-content\/uploads\/2025\/07\/barra-v5.png\" class=\"attachment-full size-full wp-image-1323\" alt=\"\" srcset=\"https:\/\/helenakolody.art\/wp-content\/uploads\/2025\/07\/barra-v5.png 1662w, https:\/\/helenakolody.art\/wp-content\/uploads\/2025\/07\/barra-v5-300x27.png 300w, https:\/\/helenakolody.art\/wp-content\/uploads\/2025\/07\/barra-v5-1024x92.png 1024w, https:\/\/helenakolody.art\/wp-content\/uploads\/2025\/07\/barra-v5-768x69.png 768w, https:\/\/helenakolody.art\/wp-content\/uploads\/2025\/07\/barra-v5-1536x139.png 1536w\" sizes=\"(max-width: 1662px) 100vw, 1662px\" \/>\t\t\t\t\t\t\t\t\t\t\t\t\t\t\t<\/div>\n\t\t\t\t<\/div>\n\t\t\t\t<\/div>\n\t\t<div class=\"elementor-element elementor-element-2f768b9 e-flex e-con-boxed e-con e-parent\" data-id=\"2f768b9\" data-element_type=\"container\">\n\t\t\t\t\t<div class=\"e-con-inner\">\n\t\t<div class=\"elementor-element elementor-element-14f5197 e-con-full e-flex e-con e-child\" data-id=\"14f5197\" data-element_type=\"container\">\n\t\t\t\t<div class=\"elementor-element elementor-element-7a62c9d elementor-widget__width-initial elementor-widget elementor-widget-image\" data-id=\"7a62c9d\" data-element_type=\"widget\" data-widget_type=\"image.default\">\n\t\t\t\t<div class=\"elementor-widget-container\">\n\t\t\t\t\t\t\t\t\t\t\t\t\t\t\t<img decoding=\"async\" width=\"370\" height=\"497\" src=\"https:\/\/helenakolody.art\/wp-content\/uploads\/2025\/07\/reika-loja.jpg\" class=\"attachment-full size-full wp-image-995\" alt=\"\" srcset=\"https:\/\/helenakolody.art\/wp-content\/uploads\/2025\/07\/reika-loja.jpg 370w, https:\/\/helenakolody.art\/wp-content\/uploads\/2025\/07\/reika-loja-223x300.jpg 223w\" sizes=\"(max-width: 370px) 100vw, 370px\" \/>\t\t\t\t\t\t\t\t\t\t\t\t\t\t\t<\/div>\n\t\t\t\t<\/div>\n\t\t<div class=\"elementor-element elementor-element-352c1eb e-con-full e-flex e-con e-child\" data-id=\"352c1eb\" data-element_type=\"container\">\n\t\t\t\t<div class=\"elementor-element elementor-element-50fe323 elementor-widget elementor-widget-heading\" data-id=\"50fe323\" data-element_type=\"widget\" data-widget_type=\"heading.default\">\n\t\t\t\t<div class=\"elementor-widget-container\">\n\t\t\t\t\t<h3 class=\"elementor-heading-title elementor-size-default\">REIKA (1993)<\/h3>\t\t\t\t<\/div>\n\t\t\t\t<\/div>\n\t\t\t\t<div class=\"elementor-element elementor-element-033ffec elementor-widget elementor-widget-text-editor\" data-id=\"033ffec\" data-element_type=\"widget\" data-widget_type=\"text-editor.default\">\n\t\t\t\t<div class=\"elementor-widget-container\">\n\t\t\t\t\t\t\t\t\t<p>Reika foi lan\u00e7ado originalmente em 1993, em comemora\u00e7\u00e3o aos 81 anos de Helena Kolody. Os 150 exemplares originais esgotaram-se rapidamente, gerando uma reimpress\u00e3o com outros 150 exemplares, igualmente esgotada dentro de algumas semanas. Em 2024 faz 20 anos que Helena Kolody tornou-se luz. Celebramos a Helena haikaista com esta nova edi\u00e7\u00e3o de Reika, realizada com todo cuidado e o carinho que Helena e seus admiradores merecem. Este livro traz sua poesia de inspira\u00e7\u00e3o japonesa, com haikais e tankas. A nova edi\u00e7\u00e3o conta com ilustra\u00e7\u00f5es de Guilherme Petreca e encaderna\u00e7\u00e3o japonesa de motivo kangxi. A cor da capa tamb\u00e9m foi escolhida em harmonia com o traje presenteado \u00e0 Helena Kolody na ocasi\u00e3o da outorga de seu nome haikaista, Reika, pela comunidade nipo-brasileira.<\/p>\t\t\t\t\t\t\t\t<\/div>\n\t\t\t\t<\/div>\n\t\t\t\t<div class=\"elementor-element elementor-element-d65cb84 elementor-align-left elementor-widget elementor-widget-button\" data-id=\"d65cb84\" data-element_type=\"widget\" data-widget_type=\"button.default\">\n\t\t\t\t<div class=\"elementor-widget-container\">\n\t\t\t\t\t\t\t\t\t<div class=\"elementor-button-wrapper\">\n\t\t\t\t\t<a class=\"elementor-button elementor-button-link elementor-size-sm\" href=\"https:\/\/arteeletra.com.br\/produtos\/reika\/\">\n\t\t\t\t\t\t<span class=\"elementor-button-content-wrapper\">\n\t\t\t\t\t\t\t\t\t<span class=\"elementor-button-text\">Comprar &gt;<\/span>\n\t\t\t\t\t<\/span>\n\t\t\t\t\t<\/a>\n\t\t\t\t<\/div>\n\t\t\t\t\t\t\t\t<\/div>\n\t\t\t\t<\/div>\n\t\t\t\t<\/div>\n\t\t\t\t<\/div>\n\t\t<div class=\"elementor-element elementor-element-681e65c e-con-full e-flex e-con e-child\" data-id=\"681e65c\" data-element_type=\"container\">\n\t\t\t\t<div class=\"elementor-element elementor-element-b0a8a7d elementor-widget__width-initial elementor-widget elementor-widget-image\" data-id=\"b0a8a7d\" data-element_type=\"widget\" data-widget_type=\"image.default\">\n\t\t\t\t<div class=\"elementor-widget-container\">\n\t\t\t\t\t\t\t\t\t\t\t\t\t\t\t<img decoding=\"async\" width=\"483\" height=\"732\" src=\"https:\/\/helenakolody.art\/wp-content\/uploads\/2025\/08\/CAPA-LIVRO.png\" class=\"attachment-full size-full wp-image-1445\" alt=\"\" srcset=\"https:\/\/helenakolody.art\/wp-content\/uploads\/2025\/08\/CAPA-LIVRO.png 483w, https:\/\/helenakolody.art\/wp-content\/uploads\/2025\/08\/CAPA-LIVRO-198x300.png 198w\" sizes=\"(max-width: 483px) 100vw, 483px\" \/>\t\t\t\t\t\t\t\t\t\t\t\t\t\t\t<\/div>\n\t\t\t\t<\/div>\n\t\t<div class=\"elementor-element elementor-element-158cbf9 e-con-full e-flex e-con e-child\" data-id=\"158cbf9\" data-element_type=\"container\">\n\t\t\t\t<div class=\"elementor-element elementor-element-17a1416 elementor-widget elementor-widget-heading\" data-id=\"17a1416\" data-element_type=\"widget\" data-widget_type=\"heading.default\">\n\t\t\t\t<div class=\"elementor-widget-container\">\n\t\t\t\t\t<h3 class=\"elementor-heading-title elementor-size-default\">Caderno artesanal Helena Kolody<\/h3>\t\t\t\t<\/div>\n\t\t\t\t<\/div>\n\t\t\t\t<div class=\"elementor-element elementor-element-4dbe369 elementor-widget elementor-widget-text-editor\" data-id=\"4dbe369\" data-element_type=\"widget\" data-widget_type=\"text-editor.default\">\n\t\t\t\t<div class=\"elementor-widget-container\">\n\t\t\t\t\t\t\t\t\t<p>O Caderno artesanal Helena Kolody, produzido artesanalmente aqui no Laborat\u00f3rio Arte &amp; Letra, traz a delicadeza e a profundidade da poesia da autora estampada em sua capa.<\/p><p>&#8211; Sem pauta, papel Pol\u00e9n Bold 70g, capa em Kraft<\/p>\t\t\t\t\t\t\t\t<\/div>\n\t\t\t\t<\/div>\n\t\t\t\t<div class=\"elementor-element elementor-element-f8db674 elementor-align-left elementor-widget elementor-widget-button\" data-id=\"f8db674\" data-element_type=\"widget\" data-widget_type=\"button.default\">\n\t\t\t\t<div class=\"elementor-widget-container\">\n\t\t\t\t\t\t\t\t\t<div class=\"elementor-button-wrapper\">\n\t\t\t\t\t<a class=\"elementor-button elementor-button-link elementor-size-sm\" href=\"https:\/\/arteeletra.com.br\/produtos\/caderno-artesanal-helena-kolody\/\">\n\t\t\t\t\t\t<span class=\"elementor-button-content-wrapper\">\n\t\t\t\t\t\t\t\t\t<span class=\"elementor-button-text\">Comprar &gt;<\/span>\n\t\t\t\t\t<\/span>\n\t\t\t\t\t<\/a>\n\t\t\t\t<\/div>\n\t\t\t\t\t\t\t\t<\/div>\n\t\t\t\t<\/div>\n\t\t\t\t<\/div>\n\t\t\t\t<\/div>\n\t\t\t\t\t<\/div>\n\t\t\t\t<\/div>\n\t\t\t\t<\/div>\n\t\t","protected":false},"excerpt":{"rendered":"<p>loja. REIKA (1993) Reika foi lan\u00e7ado originalmente em 1993, em comemora\u00e7\u00e3o aos 81 anos de Helena Kolody. Os 150 exemplares originais esgotaram-se rapidamente, gerando uma reimpress\u00e3o com outros 150 exemplares, igualmente esgotada dentro de algumas semanas. Em 2024 faz 20 anos que Helena Kolody tornou-se luz. Celebramos a Helena haikaista com esta nova edi\u00e7\u00e3o de [&hellip;]<\/p>\n","protected":false},"author":2,"featured_media":0,"parent":0,"menu_order":0,"comment_status":"closed","ping_status":"closed","template":"elementor_header_footer","meta":{"footnotes":""},"class_list":["post-944","page","type-page","status-publish","hentry"],"_links":{"self":[{"href":"https:\/\/helenakolody.art\/en\/wp-json\/wp\/v2\/pages\/944","targetHints":{"allow":["GET"]}}],"collection":[{"href":"https:\/\/helenakolody.art\/en\/wp-json\/wp\/v2\/pages"}],"about":[{"href":"https:\/\/helenakolody.art\/en\/wp-json\/wp\/v2\/types\/page"}],"author":[{"embeddable":true,"href":"https:\/\/helenakolody.art\/en\/wp-json\/wp\/v2\/users\/2"}],"replies":[{"embeddable":true,"href":"https:\/\/helenakolody.art\/en\/wp-json\/wp\/v2\/comments?post=944"}],"version-history":[{"count":34,"href":"https:\/\/helenakolody.art\/en\/wp-json\/wp\/v2\/pages\/944\/revisions"}],"predecessor-version":[{"id":1448,"href":"https:\/\/helenakolody.art\/en\/wp-json\/wp\/v2\/pages\/944\/revisions\/1448"}],"wp:attachment":[{"href":"https:\/\/helenakolody.art\/en\/wp-json\/wp\/v2\/media?parent=944"}],"curies":[{"name":"wp","href":"https:\/\/api.w.org\/{rel}","templated":true}]}}