{"id":736,"date":"2025-07-14T19:02:20","date_gmt":"2025-07-14T22:02:20","guid":{"rendered":"https:\/\/helenakolody.art\/?page_id=736"},"modified":"2025-07-28T16:41:03","modified_gmt":"2025-07-28T19:41:03","slug":"em-outras-midias","status":"publish","type":"page","link":"https:\/\/helenakolody.art\/en\/fortuna-critica\/em-outras-midias\/","title":{"rendered":"Em outras m\u00eddias"},"content":{"rendered":"\t\t<div data-elementor-type=\"wp-page\" data-elementor-id=\"736\" class=\"elementor elementor-736\" data-elementor-post-type=\"page\">\n\t\t\t\t<div class=\"elementor-element elementor-element-f9035bc elementor-hidden-desktop elementor-hidden-tablet elementor-hidden-mobile e-flex e-con-boxed e-con e-parent\" data-id=\"f9035bc\" data-element_type=\"container\" data-e-type=\"container\">\n\t\t\t\t\t<div class=\"e-con-inner\">\n\t\t\t\t<div class=\"elementor-element elementor-element-8c16f1f elementor-invisible elementor-widget elementor-widget-heading\" data-id=\"8c16f1f\" data-element_type=\"widget\" data-e-type=\"widget\" data-settings=\"{&quot;_animation&quot;:&quot;fadeInDown&quot;}\" data-widget_type=\"heading.default\">\n\t\t\t\t<div class=\"elementor-widget-container\">\n\t\t\t\t\t<h2 class=\"elementor-heading-title elementor-size-default\">fortuna cr\u00edtica.<\/h2>\t\t\t\t<\/div>\n\t\t\t\t<\/div>\n\t\t\t\t\t<\/div>\n\t\t\t\t<\/div>\n\t\t<div class=\"elementor-element elementor-element-bdc1b27 e-con-full e-flex e-con e-parent\" data-id=\"bdc1b27\" data-element_type=\"container\" data-e-type=\"container\">\n\t\t\t\t<div class=\"elementor-element elementor-element-ad75f9d elementor-hidden-tablet elementor-hidden-mobile elementor-widget elementor-widget-image\" data-id=\"ad75f9d\" data-element_type=\"widget\" data-e-type=\"widget\" data-widget_type=\"image.default\">\n\t\t\t\t<div class=\"elementor-widget-container\">\n\t\t\t\t\t\t\t\t\t\t\t\t\t\t\t<img fetchpriority=\"high\" decoding=\"async\" width=\"1662\" height=\"150\" src=\"https:\/\/helenakolody.art\/wp-content\/uploads\/2025\/07\/barra-v5.png\" class=\"attachment-full size-full wp-image-1323\" alt=\"\" srcset=\"https:\/\/helenakolody.art\/wp-content\/uploads\/2025\/07\/barra-v5.png 1662w, https:\/\/helenakolody.art\/wp-content\/uploads\/2025\/07\/barra-v5-300x27.png 300w, https:\/\/helenakolody.art\/wp-content\/uploads\/2025\/07\/barra-v5-1024x92.png 1024w, https:\/\/helenakolody.art\/wp-content\/uploads\/2025\/07\/barra-v5-768x69.png 768w, https:\/\/helenakolody.art\/wp-content\/uploads\/2025\/07\/barra-v5-1536x139.png 1536w\" sizes=\"(max-width: 1662px) 100vw, 1662px\" \/>\t\t\t\t\t\t\t\t\t\t\t\t\t\t\t<\/div>\n\t\t\t\t<\/div>\n\t\t\t\t<div class=\"elementor-element elementor-element-6efde0f elementor-hidden-desktop elementor-widget elementor-widget-image\" data-id=\"6efde0f\" data-element_type=\"widget\" data-e-type=\"widget\" data-widget_type=\"image.default\">\n\t\t\t\t<div class=\"elementor-widget-container\">\n\t\t\t\t\t\t\t\t\t\t\t\t\t\t\t<img fetchpriority=\"high\" decoding=\"async\" width=\"1662\" height=\"150\" src=\"https:\/\/helenakolody.art\/wp-content\/uploads\/2025\/07\/barra-v5.png\" class=\"attachment-full size-full wp-image-1323\" alt=\"\" srcset=\"https:\/\/helenakolody.art\/wp-content\/uploads\/2025\/07\/barra-v5.png 1662w, https:\/\/helenakolody.art\/wp-content\/uploads\/2025\/07\/barra-v5-300x27.png 300w, https:\/\/helenakolody.art\/wp-content\/uploads\/2025\/07\/barra-v5-1024x92.png 1024w, https:\/\/helenakolody.art\/wp-content\/uploads\/2025\/07\/barra-v5-768x69.png 768w, https:\/\/helenakolody.art\/wp-content\/uploads\/2025\/07\/barra-v5-1536x139.png 1536w\" sizes=\"(max-width: 1662px) 100vw, 1662px\" \/>\t\t\t\t\t\t\t\t\t\t\t\t\t\t\t<\/div>\n\t\t\t\t<\/div>\n\t\t\t\t<\/div>\n\t\t<div class=\"elementor-element elementor-element-c795747 e-flex e-con-boxed e-con e-parent\" data-id=\"c795747\" data-element_type=\"container\" data-e-type=\"container\">\n\t\t\t\t\t<div class=\"e-con-inner\">\n\t\t<div class=\"elementor-element elementor-element-79744b6 e-con-full e-flex e-con e-child\" data-id=\"79744b6\" data-element_type=\"container\" data-e-type=\"container\">\n\t\t\t\t<div class=\"elementor-element elementor-element-27c0753 elementor-widget-mobile__width-initial elementor-widget elementor-widget-text-editor\" data-id=\"27c0753\" data-element_type=\"widget\" data-e-type=\"widget\" data-widget_type=\"text-editor.default\">\n\t\t\t\t<div class=\"elementor-widget-container\">\n\t\t\t\t\t\t\t\t\t<p>Helena Kolody em outras m\u00eddias<\/p>\t\t\t\t\t\t\t\t<\/div>\n\t\t\t\t<\/div>\n\t\t\t\t<div class=\"elementor-element elementor-element-25dbc38 elementor-widget elementor-widget-text-editor\" data-id=\"25dbc38\" data-element_type=\"widget\" data-e-type=\"widget\" data-widget_type=\"text-editor.default\">\n\t\t\t\t<div class=\"elementor-widget-container\">\n\t\t\t\t\t\t\t\t\t<p>A BABEL da luz. Dire\u00e7\u00e3o de Sylvio Back. Curitiba: 1992. 1 fi ta de videocassete (10 min.): son., color., 35 mm.<\/p><p>HELENA Kolody: um escritor na biblioteca. Curitiba: BPP\/SECE, 1986. Fita cassete. [Entrevistadores: Paulo Leminski, Alice Ruiz, Vera Vargas, Maria Irene e Maria Eug\u00eania de Souza Chedid].<\/p><p>HELENA Kolody: poetisa. Curitiba: Museu da Imagem e do Som do Paran\u00e1, 1989. Fita cassete. [Entrevistadores: F\u00e1tima Freitas e Gra\u00e7a Bandeira].<\/p><p>FELIZ Natal e um Ano Novo cheio de poesia. Helena Kolody declama seus poemas. Curitiba: Mercer Comunica\u00e7\u00e3o, dez. 1991. Fita cassete.<\/p><p>HELENA Kolody. Curitiba: Sistema Sul de Comunica\u00e7\u00e3o \u2013 TV Independ\u00eancia, Canal 7\/FCC, 1991. Fita de videocassete: son.; color.; 12mm. VHS. [Entrevista no programa QI NA TV. Entrevistadores: C\u00edcero Lira e Luciane Viegas].<\/p><p>A BABEL DA LUZ. Dire\u00e7\u00e3o: Sylvio Back. Curitiba: 1992. 1 fi ta de videocassete (10 min): son.; color.; 35 mm.<\/p><p>HELENA Kolody. Curitiba: Sistema Sul de Comunica\u00e7\u00e3o \u2013 TV Independ\u00eancia, Canal 7\/FCC, 1992. 1 fi ta de videocassete: son.; color.; 12 mm. VHS. [Entrevistadores: Alice Ruiz, Luciane Viegas e Wilson Bueno. Entrevista no programa QI NA TV].<\/p><p>HELENA Kolody. Entrevistadora: Nanani Albino. Curitiba: Sistema Sul de Comunica\u00e7\u00e3o, \u2013 TV Independ\u00eancia, Canal 7\/FCC, 1993. 1 fi ta de videocassete: son.; color.; 12mm. VHS. [Entrevista no programa QI NA TV].<\/p><p>HELENA Kolody. Curitiba, 19 set. 1994. 1 fi ta de videocassete: son.; color.; 12mm. VHS. [Entrevistadores: Beatriz Helena Dal Molin e Antonio Donizeti da Cruz].<\/p><p>HELENA Kolody: personalidades. Curitiba: Museu da Imagem e do Som de Curitiba, 10 dez. 1996. Fita de videocassete: son.; color.; 12mm. VHS. [Entrevistador: \u00c9dison Jos\u00e9 da Costa].<\/p><p>HELENA Kolody por Helena Kolody. CD idealizado e produzido por Paulinho Lima. Trilha musical composta por Iuri Cunha. Curitiba: Luz da Cidade, 1997. 1 disco compacto (Cole\u00e7\u00e3o \u201cPoesia Falada\u201d, vol. 4). CD-ROM.<\/p><p>HELENA. Produ\u00e7\u00e3o: Ademir Silva. Diretores: Ademir Silva, Ant\u00f4nio Moreira e Luigi de Franceschi. Brasil, Paran\u00e1: TV C\u00e2mara \u2013 Curtas na TV, 2004, 20 min, cor, 16 mm. Document\u00e1rio Dispon\u00edvel em:&lt;http:\/\/www.camara\/default.asp?selecao= MAT&amp;Materia=603008velocidade=100k&gt;.<\/p><p>HELENA de Curitiba. Dire\u00e7\u00e3o: Josina Melo. Edi\u00e7\u00e3o: Fernando Severo e Josina Melo. Curitiba: Josina Melo Produ\u00e7\u00f5es, mar. 2005. 32 min. VHS.<\/p><p>HELENA de Curitiba. Dire\u00e7\u00e3o: Josina Melo. Edi\u00e7\u00e3o: Fernando Severo e Josina Melo. Curitiba: Josina Melo Produ\u00e7\u00f5es\/Positivo, set. 2005. 32 min. VHS.<\/p><p>HELENA de Curitiba. Dire\u00e7\u00e3o: Josina Melo. Edi\u00e7\u00e3o: Fernando Severo e Josina Melo. Curitiba: Josina Melo Produ\u00e7\u00f5es, 2006. 32 min. DVD.<\/p><p>HELENA Kolody. Entrevistador: Aramis Millarch. Fonte: Acervo Aramis Millarch. Tabloide digital. Dispon\u00edvel em: &lt;www.millarch.org\/audio\/helena-kolody&gt;. Acesso em: nov. 2009. 90:42 min.<\/p><p>INFINITA Sinfonia (Lan\u00e7amento do livro Infinita Sinfonia de Helena Kolody. Curitiba: Ed. do Autor, 2011. CD ROM com 16 faixas).<\/p><p>LUZ INFINITA (lan\u00e7amento do livro Luz Infinita de Helena Kolody). Curitiba: Clube Ucra\u00edno-Brasileiro, 25 nov. 1997. Fita de videocassete: son.; color.; 12mm. VHS.<\/p>\t\t\t\t\t\t\t\t<\/div>\n\t\t\t\t<\/div>\n\t\t\t\t<\/div>\n\t\t\t\t\t<\/div>\n\t\t\t\t<\/div>\n\t\t<div class=\"elementor-element elementor-element-249155f e-flex e-con-boxed e-con e-parent\" data-id=\"249155f\" data-element_type=\"container\" data-e-type=\"container\">\n\t\t\t\t\t<div class=\"e-con-inner\">\n\t\t\t\t<div class=\"elementor-element elementor-element-f0a92b5 elementor-widget elementor-widget-spacer\" data-id=\"f0a92b5\" data-element_type=\"widget\" data-e-type=\"widget\" data-widget_type=\"spacer.default\">\n\t\t\t\t<div class=\"elementor-widget-container\">\n\t\t\t\t\t\t\t<div class=\"elementor-spacer\">\n\t\t\t<div class=\"elementor-spacer-inner\"><\/div>\n\t\t<\/div>\n\t\t\t\t\t\t<\/div>\n\t\t\t\t<\/div>\n\t\t\t\t\t<\/div>\n\t\t\t\t<\/div>\n\t\t\t\t<\/div>\n\t\t","protected":false},"excerpt":{"rendered":"<p>fortuna cr\u00edtica. Helena Kolody em outras m\u00eddias A BABEL da luz. Dire\u00e7\u00e3o de Sylvio Back. Curitiba: 1992. 1 fi ta de videocassete (10 min.): son., color., 35 mm. HELENA Kolody: um escritor na biblioteca. Curitiba: BPP\/SECE, 1986. Fita cassete. [Entrevistadores: Paulo Leminski, Alice Ruiz, Vera Vargas, Maria Irene e Maria Eug\u00eania de Souza Chedid]. HELENA [&hellip;]<\/p>\n","protected":false},"author":2,"featured_media":0,"parent":51,"menu_order":3,"comment_status":"closed","ping_status":"closed","template":"elementor_header_footer","meta":{"footnotes":""},"class_list":["post-736","page","type-page","status-publish","hentry"],"_links":{"self":[{"href":"https:\/\/helenakolody.art\/en\/wp-json\/wp\/v2\/pages\/736","targetHints":{"allow":["GET"]}}],"collection":[{"href":"https:\/\/helenakolody.art\/en\/wp-json\/wp\/v2\/pages"}],"about":[{"href":"https:\/\/helenakolody.art\/en\/wp-json\/wp\/v2\/types\/page"}],"author":[{"embeddable":true,"href":"https:\/\/helenakolody.art\/en\/wp-json\/wp\/v2\/users\/2"}],"replies":[{"embeddable":true,"href":"https:\/\/helenakolody.art\/en\/wp-json\/wp\/v2\/comments?post=736"}],"version-history":[{"count":21,"href":"https:\/\/helenakolody.art\/en\/wp-json\/wp\/v2\/pages\/736\/revisions"}],"predecessor-version":[{"id":1368,"href":"https:\/\/helenakolody.art\/en\/wp-json\/wp\/v2\/pages\/736\/revisions\/1368"}],"up":[{"embeddable":true,"href":"https:\/\/helenakolody.art\/en\/wp-json\/wp\/v2\/pages\/51"}],"wp:attachment":[{"href":"https:\/\/helenakolody.art\/en\/wp-json\/wp\/v2\/media?parent=736"}],"curies":[{"name":"wp","href":"https:\/\/api.w.org\/{rel}","templated":true}]}}