{"id":51,"date":"2025-06-25T17:09:55","date_gmt":"2025-06-25T20:09:55","guid":{"rendered":"https:\/\/helenakolody.art\/?page_id=51"},"modified":"2025-07-28T16:38:10","modified_gmt":"2025-07-28T19:38:10","slug":"fortuna-critica","status":"publish","type":"page","link":"https:\/\/helenakolody.art\/en\/fortuna-critica\/","title":{"rendered":"Fortuna Cr\u00edtica"},"content":{"rendered":"\t\t<div data-elementor-type=\"wp-page\" data-elementor-id=\"51\" class=\"elementor elementor-51\" data-elementor-post-type=\"page\">\n\t\t\t\t<div class=\"elementor-element elementor-element-299c969 elementor-hidden-desktop elementor-hidden-tablet elementor-hidden-mobile e-flex e-con-boxed e-con e-parent\" data-id=\"299c969\" data-element_type=\"container\">\n\t\t\t\t\t<div class=\"e-con-inner\">\n\t\t\t\t<div class=\"elementor-element elementor-element-15bbf35 elementor-invisible elementor-widget elementor-widget-heading\" data-id=\"15bbf35\" data-element_type=\"widget\" data-settings=\"{&quot;_animation&quot;:&quot;fadeInDown&quot;}\" data-widget_type=\"heading.default\">\n\t\t\t\t<div class=\"elementor-widget-container\">\n\t\t\t\t\t<h2 class=\"elementor-heading-title elementor-size-default\">fortuna cr\u00edtica.<\/h2>\t\t\t\t<\/div>\n\t\t\t\t<\/div>\n\t\t\t\t\t<\/div>\n\t\t\t\t<\/div>\n\t\t<div class=\"elementor-element elementor-element-44b45cb e-con-full e-flex e-con e-parent\" data-id=\"44b45cb\" data-element_type=\"container\">\n\t\t\t\t<div class=\"elementor-element elementor-element-9a100ed elementor-hidden-tablet elementor-hidden-mobile elementor-widget elementor-widget-image\" data-id=\"9a100ed\" data-element_type=\"widget\" data-widget_type=\"image.default\">\n\t\t\t\t<div class=\"elementor-widget-container\">\n\t\t\t\t\t\t\t\t\t\t\t\t\t\t\t<img fetchpriority=\"high\" decoding=\"async\" width=\"1662\" height=\"150\" src=\"https:\/\/helenakolody.art\/wp-content\/uploads\/2025\/07\/barra-v5.png\" class=\"attachment-full size-full wp-image-1323\" alt=\"\" srcset=\"https:\/\/helenakolody.art\/wp-content\/uploads\/2025\/07\/barra-v5.png 1662w, https:\/\/helenakolody.art\/wp-content\/uploads\/2025\/07\/barra-v5-300x27.png 300w, https:\/\/helenakolody.art\/wp-content\/uploads\/2025\/07\/barra-v5-1024x92.png 1024w, https:\/\/helenakolody.art\/wp-content\/uploads\/2025\/07\/barra-v5-768x69.png 768w, https:\/\/helenakolody.art\/wp-content\/uploads\/2025\/07\/barra-v5-1536x139.png 1536w\" sizes=\"(max-width: 1662px) 100vw, 1662px\" \/>\t\t\t\t\t\t\t\t\t\t\t\t\t\t\t<\/div>\n\t\t\t\t<\/div>\n\t\t\t\t<div class=\"elementor-element elementor-element-fd0e044 elementor-hidden-desktop elementor-widget elementor-widget-image\" data-id=\"fd0e044\" data-element_type=\"widget\" data-widget_type=\"image.default\">\n\t\t\t\t<div class=\"elementor-widget-container\">\n\t\t\t\t\t\t\t\t\t\t\t\t\t\t\t<img fetchpriority=\"high\" decoding=\"async\" width=\"1662\" height=\"150\" src=\"https:\/\/helenakolody.art\/wp-content\/uploads\/2025\/07\/barra-v5.png\" class=\"attachment-full size-full wp-image-1323\" alt=\"\" srcset=\"https:\/\/helenakolody.art\/wp-content\/uploads\/2025\/07\/barra-v5.png 1662w, https:\/\/helenakolody.art\/wp-content\/uploads\/2025\/07\/barra-v5-300x27.png 300w, https:\/\/helenakolody.art\/wp-content\/uploads\/2025\/07\/barra-v5-1024x92.png 1024w, https:\/\/helenakolody.art\/wp-content\/uploads\/2025\/07\/barra-v5-768x69.png 768w, https:\/\/helenakolody.art\/wp-content\/uploads\/2025\/07\/barra-v5-1536x139.png 1536w\" sizes=\"(max-width: 1662px) 100vw, 1662px\" \/>\t\t\t\t\t\t\t\t\t\t\t\t\t\t\t<\/div>\n\t\t\t\t<\/div>\n\t\t\t\t<\/div>\n\t\t<div class=\"elementor-element elementor-element-c795747 e-flex e-con-boxed e-con e-parent\" data-id=\"c795747\" data-element_type=\"container\">\n\t\t\t\t\t<div class=\"e-con-inner\">\n\t\t<div class=\"elementor-element elementor-element-79744b6 e-con-full e-flex e-con e-child\" data-id=\"79744b6\" data-element_type=\"container\">\n\t\t\t\t<div class=\"elementor-element elementor-element-27c0753 elementor-widget elementor-widget-text-editor\" data-id=\"27c0753\" data-element_type=\"widget\" data-widget_type=\"text-editor.default\">\n\t\t\t\t<div class=\"elementor-widget-container\">\n\t\t\t\t\t\t\t\t\t<p><span style=\"font-weight: 400;\">Aqui est\u00e1 o acervo interpretativo e anal\u00edtico existente sobre Helena Kolody, como aux\u00edlio a pesquisadores e admiradores. Se houver algo a acrescentar, entre em contato com nossa equipe.\u00a0 <\/span><\/p>\t\t\t\t\t\t\t\t<\/div>\n\t\t\t\t<\/div>\n\t\t\t\t<\/div>\n\t\t\t\t\t<\/div>\n\t\t\t\t<\/div>\n\t\t<div class=\"elementor-element elementor-element-86eacfc e-flex e-con-boxed e-con e-parent\" data-id=\"86eacfc\" data-element_type=\"container\">\n\t\t\t\t\t<div class=\"e-con-inner\">\n\t\t<div class=\"elementor-element elementor-element-9eeba8b elementor-hidden-mobile e-flex e-con-boxed e-con e-child\" data-id=\"9eeba8b\" data-element_type=\"container\">\n\t\t\t\t\t<div class=\"e-con-inner\">\n\t\t\t\t<div class=\"elementor-element elementor-element-91227ce image-zoom elementor-widget elementor-widget-image\" data-id=\"91227ce\" data-element_type=\"widget\" data-widget_type=\"image.default\">\n\t\t\t\t<div class=\"elementor-widget-container\">\n\t\t\t\t\t\t\t\t\t\t\t\t\t\t\t\t<a href=\"\/teses-e-dissertacoes\/\">\n\t\t\t\t\t\t\t<img decoding=\"async\" width=\"271\" height=\"271\" src=\"https:\/\/helenakolody.art\/wp-content\/uploads\/2025\/07\/TESES-amarelo.png\" class=\"attachment-full size-full wp-image-985\" alt=\"\" srcset=\"https:\/\/helenakolody.art\/wp-content\/uploads\/2025\/07\/TESES-amarelo.png 271w, https:\/\/helenakolody.art\/wp-content\/uploads\/2025\/07\/TESES-amarelo-150x150.png 150w\" sizes=\"(max-width: 271px) 100vw, 271px\" \/>\t\t\t\t\t\t\t\t<\/a>\n\t\t\t\t\t\t\t\t\t\t\t\t\t\t\t<\/div>\n\t\t\t\t<\/div>\n\t\t\t\t<div class=\"elementor-element elementor-element-6e088cf image-zoom elementor-widget elementor-widget-image\" data-id=\"6e088cf\" data-element_type=\"widget\" data-widget_type=\"image.default\">\n\t\t\t\t<div class=\"elementor-widget-container\">\n\t\t\t\t\t\t\t\t\t\t\t\t\t\t\t\t<a href=\"\/livros-jornais-e-revistas\/\">\n\t\t\t\t\t\t\t<img decoding=\"async\" width=\"271\" height=\"271\" src=\"https:\/\/helenakolody.art\/wp-content\/uploads\/2025\/07\/JORNAIS-amarelo.png\" class=\"attachment-full size-full wp-image-986\" alt=\"\" srcset=\"https:\/\/helenakolody.art\/wp-content\/uploads\/2025\/07\/JORNAIS-amarelo.png 271w, https:\/\/helenakolody.art\/wp-content\/uploads\/2025\/07\/JORNAIS-amarelo-150x150.png 150w\" sizes=\"(max-width: 271px) 100vw, 271px\" \/>\t\t\t\t\t\t\t\t<\/a>\n\t\t\t\t\t\t\t\t\t\t\t\t\t\t\t<\/div>\n\t\t\t\t<\/div>\n\t\t\t\t<div class=\"elementor-element elementor-element-e853871 image-zoom elementor-widget elementor-widget-image\" data-id=\"e853871\" data-element_type=\"widget\" data-widget_type=\"image.default\">\n\t\t\t\t<div class=\"elementor-widget-container\">\n\t\t\t\t\t\t\t\t\t\t\t\t\t\t\t\t<a href=\"\/textos-da-autora\/\">\n\t\t\t\t\t\t\t<img loading=\"lazy\" decoding=\"async\" width=\"271\" height=\"271\" src=\"https:\/\/helenakolody.art\/wp-content\/uploads\/2025\/07\/TEXTOS-amarelo.png\" class=\"attachment-full size-full wp-image-987\" alt=\"\" srcset=\"https:\/\/helenakolody.art\/wp-content\/uploads\/2025\/07\/TEXTOS-amarelo.png 271w, https:\/\/helenakolody.art\/wp-content\/uploads\/2025\/07\/TEXTOS-amarelo-150x150.png 150w\" sizes=\"(max-width: 271px) 100vw, 271px\" \/>\t\t\t\t\t\t\t\t<\/a>\n\t\t\t\t\t\t\t\t\t\t\t\t\t\t\t<\/div>\n\t\t\t\t<\/div>\n\t\t\t\t\t<\/div>\n\t\t\t\t<\/div>\n\t\t<div class=\"elementor-element elementor-element-0f20ecf e-con-full elementor-hidden-mobile e-flex e-con e-child\" data-id=\"0f20ecf\" data-element_type=\"container\">\n\t\t\t\t<div class=\"elementor-element elementor-element-5f960fb image-zoom elementor-widget elementor-widget-image\" data-id=\"5f960fb\" data-element_type=\"widget\" data-widget_type=\"image.default\">\n\t\t\t\t<div class=\"elementor-widget-container\">\n\t\t\t\t\t\t\t\t\t\t\t\t\t\t\t\t<a href=\"\/em-outras-midias\/\">\n\t\t\t\t\t\t\t<img loading=\"lazy\" decoding=\"async\" width=\"271\" height=\"271\" src=\"https:\/\/helenakolody.art\/wp-content\/uploads\/2025\/07\/MIDIAS-amarelo.png\" class=\"attachment-full size-full wp-image-988\" alt=\"\" srcset=\"https:\/\/helenakolody.art\/wp-content\/uploads\/2025\/07\/MIDIAS-amarelo.png 271w, https:\/\/helenakolody.art\/wp-content\/uploads\/2025\/07\/MIDIAS-amarelo-150x150.png 150w\" sizes=\"(max-width: 271px) 100vw, 271px\" \/>\t\t\t\t\t\t\t\t<\/a>\n\t\t\t\t\t\t\t\t\t\t\t\t\t\t\t<\/div>\n\t\t\t\t<\/div>\n\t\t\t\t<div class=\"elementor-element elementor-element-82f9ee1 image-zoom elementor-widget elementor-widget-image\" data-id=\"82f9ee1\" data-element_type=\"widget\" data-widget_type=\"image.default\">\n\t\t\t\t<div class=\"elementor-widget-container\">\n\t\t\t\t\t\t\t\t\t\t\t\t\t\t\t\t<a href=\"\/obras-da-autora\/\">\n\t\t\t\t\t\t\t<img loading=\"lazy\" decoding=\"async\" width=\"271\" height=\"271\" src=\"https:\/\/helenakolody.art\/wp-content\/uploads\/2025\/07\/OBRAS-amarelo.png\" class=\"attachment-full size-full wp-image-989\" alt=\"\" srcset=\"https:\/\/helenakolody.art\/wp-content\/uploads\/2025\/07\/OBRAS-amarelo.png 271w, https:\/\/helenakolody.art\/wp-content\/uploads\/2025\/07\/OBRAS-amarelo-150x150.png 150w\" sizes=\"(max-width: 271px) 100vw, 271px\" \/>\t\t\t\t\t\t\t\t<\/a>\n\t\t\t\t\t\t\t\t\t\t\t\t\t\t\t<\/div>\n\t\t\t\t<\/div>\n\t\t\t\t<\/div>\n\t\t<div class=\"elementor-element elementor-element-daba422 e-con-full elementor-hidden-desktop elementor-hidden-tablet e-flex e-con e-child\" data-id=\"daba422\" data-element_type=\"container\">\n\t\t\t\t<div class=\"elementor-element elementor-element-4177582 image-zoom elementor-widget elementor-widget-image\" data-id=\"4177582\" data-element_type=\"widget\" data-widget_type=\"image.default\">\n\t\t\t\t<div class=\"elementor-widget-container\">\n\t\t\t\t\t\t\t\t\t\t\t\t\t\t\t\t<a href=\"\/teses-e-dissertacoes\/\">\n\t\t\t\t\t\t\t<img decoding=\"async\" width=\"271\" height=\"271\" src=\"https:\/\/helenakolody.art\/wp-content\/uploads\/2025\/07\/TESES-amarelo.png\" class=\"attachment-full size-full wp-image-985\" alt=\"\" srcset=\"https:\/\/helenakolody.art\/wp-content\/uploads\/2025\/07\/TESES-amarelo.png 271w, https:\/\/helenakolody.art\/wp-content\/uploads\/2025\/07\/TESES-amarelo-150x150.png 150w\" sizes=\"(max-width: 271px) 100vw, 271px\" \/>\t\t\t\t\t\t\t\t<\/a>\n\t\t\t\t\t\t\t\t\t\t\t\t\t\t\t<\/div>\n\t\t\t\t<\/div>\n\t\t\t\t<div class=\"elementor-element elementor-element-219c2f7 image-zoom elementor-widget elementor-widget-image\" data-id=\"219c2f7\" data-element_type=\"widget\" data-widget_type=\"image.default\">\n\t\t\t\t<div class=\"elementor-widget-container\">\n\t\t\t\t\t\t\t\t\t\t\t\t\t\t\t\t<a href=\"\/livros-jornais-e-revistas\/\">\n\t\t\t\t\t\t\t<img decoding=\"async\" width=\"271\" height=\"271\" src=\"https:\/\/helenakolody.art\/wp-content\/uploads\/2025\/07\/JORNAIS-amarelo.png\" class=\"attachment-full size-full wp-image-986\" alt=\"\" srcset=\"https:\/\/helenakolody.art\/wp-content\/uploads\/2025\/07\/JORNAIS-amarelo.png 271w, https:\/\/helenakolody.art\/wp-content\/uploads\/2025\/07\/JORNAIS-amarelo-150x150.png 150w\" sizes=\"(max-width: 271px) 100vw, 271px\" \/>\t\t\t\t\t\t\t\t<\/a>\n\t\t\t\t\t\t\t\t\t\t\t\t\t\t\t<\/div>\n\t\t\t\t<\/div>\n\t\t\t\t<\/div>\n\t\t<div class=\"elementor-element elementor-element-9f0d560 e-con-full elementor-hidden-desktop elementor-hidden-tablet e-flex e-con e-child\" data-id=\"9f0d560\" data-element_type=\"container\">\n\t\t\t\t<div class=\"elementor-element elementor-element-d6d88d3 image-zoom elementor-widget elementor-widget-image\" data-id=\"d6d88d3\" data-element_type=\"widget\" data-widget_type=\"image.default\">\n\t\t\t\t<div class=\"elementor-widget-container\">\n\t\t\t\t\t\t\t\t\t\t\t\t\t\t\t\t<a href=\"\/textos-da-autora\/\">\n\t\t\t\t\t\t\t<img loading=\"lazy\" decoding=\"async\" width=\"271\" height=\"271\" src=\"https:\/\/helenakolody.art\/wp-content\/uploads\/2025\/07\/TEXTOS-amarelo.png\" class=\"attachment-full size-full wp-image-987\" alt=\"\" srcset=\"https:\/\/helenakolody.art\/wp-content\/uploads\/2025\/07\/TEXTOS-amarelo.png 271w, https:\/\/helenakolody.art\/wp-content\/uploads\/2025\/07\/TEXTOS-amarelo-150x150.png 150w\" sizes=\"(max-width: 271px) 100vw, 271px\" \/>\t\t\t\t\t\t\t\t<\/a>\n\t\t\t\t\t\t\t\t\t\t\t\t\t\t\t<\/div>\n\t\t\t\t<\/div>\n\t\t\t\t<div class=\"elementor-element elementor-element-437b6f4 image-zoom elementor-widget elementor-widget-image\" data-id=\"437b6f4\" data-element_type=\"widget\" data-widget_type=\"image.default\">\n\t\t\t\t<div class=\"elementor-widget-container\">\n\t\t\t\t\t\t\t\t\t\t\t\t\t\t\t\t<a href=\"\/em-outras-midias\/\">\n\t\t\t\t\t\t\t<img loading=\"lazy\" decoding=\"async\" width=\"271\" height=\"271\" src=\"https:\/\/helenakolody.art\/wp-content\/uploads\/2025\/07\/MIDIAS-amarelo.png\" class=\"attachment-full size-full wp-image-988\" alt=\"\" srcset=\"https:\/\/helenakolody.art\/wp-content\/uploads\/2025\/07\/MIDIAS-amarelo.png 271w, https:\/\/helenakolody.art\/wp-content\/uploads\/2025\/07\/MIDIAS-amarelo-150x150.png 150w\" sizes=\"(max-width: 271px) 100vw, 271px\" \/>\t\t\t\t\t\t\t\t<\/a>\n\t\t\t\t\t\t\t\t\t\t\t\t\t\t\t<\/div>\n\t\t\t\t<\/div>\n\t\t\t\t<\/div>\n\t\t<div class=\"elementor-element elementor-element-c27db29 e-con-full elementor-hidden-desktop elementor-hidden-tablet e-flex e-con e-child\" data-id=\"c27db29\" data-element_type=\"container\">\n\t\t\t\t<div class=\"elementor-element elementor-element-f25db62 image-zoom elementor-widget elementor-widget-image\" data-id=\"f25db62\" data-element_type=\"widget\" data-widget_type=\"image.default\">\n\t\t\t\t<div class=\"elementor-widget-container\">\n\t\t\t\t\t\t\t\t\t\t\t\t\t\t\t\t<a href=\"\/obras-da-autora\/\">\n\t\t\t\t\t\t\t<img loading=\"lazy\" decoding=\"async\" width=\"271\" height=\"271\" src=\"https:\/\/helenakolody.art\/wp-content\/uploads\/2025\/07\/OBRAS-amarelo.png\" class=\"attachment-full size-full wp-image-989\" alt=\"\" srcset=\"https:\/\/helenakolody.art\/wp-content\/uploads\/2025\/07\/OBRAS-amarelo.png 271w, https:\/\/helenakolody.art\/wp-content\/uploads\/2025\/07\/OBRAS-amarelo-150x150.png 150w\" sizes=\"(max-width: 271px) 100vw, 271px\" \/>\t\t\t\t\t\t\t\t<\/a>\n\t\t\t\t\t\t\t\t\t\t\t\t\t\t\t<\/div>\n\t\t\t\t<\/div>\n\t\t\t\t<\/div>\n\t\t\t\t\t<\/div>\n\t\t\t\t<\/div>\n\t\t<div class=\"elementor-element elementor-element-249155f e-flex e-con-boxed e-con e-parent\" data-id=\"249155f\" data-element_type=\"container\">\n\t\t\t\t\t<div class=\"e-con-inner\">\n\t\t\t\t<div class=\"elementor-element elementor-element-f0a92b5 elementor-widget elementor-widget-spacer\" data-id=\"f0a92b5\" data-element_type=\"widget\" data-widget_type=\"spacer.default\">\n\t\t\t\t<div class=\"elementor-widget-container\">\n\t\t\t\t\t\t\t<div class=\"elementor-spacer\">\n\t\t\t<div class=\"elementor-spacer-inner\"><\/div>\n\t\t<\/div>\n\t\t\t\t\t\t<\/div>\n\t\t\t\t<\/div>\n\t\t\t\t\t<\/div>\n\t\t\t\t<\/div>\n\t\t\t\t<\/div>\n\t\t","protected":false},"excerpt":{"rendered":"<p>fortuna cr\u00edtica. Aqui est\u00e1 o acervo interpretativo e anal\u00edtico existente sobre Helena Kolody, como aux\u00edlio a pesquisadores e admiradores. Se houver algo a acrescentar, entre em contato com nossa equipe.\u00a0<\/p>\n","protected":false},"author":2,"featured_media":0,"parent":0,"menu_order":0,"comment_status":"closed","ping_status":"closed","template":"elementor_header_footer","meta":{"footnotes":""},"class_list":["post-51","page","type-page","status-publish","hentry"],"_links":{"self":[{"href":"https:\/\/helenakolody.art\/en\/wp-json\/wp\/v2\/pages\/51","targetHints":{"allow":["GET"]}}],"collection":[{"href":"https:\/\/helenakolody.art\/en\/wp-json\/wp\/v2\/pages"}],"about":[{"href":"https:\/\/helenakolody.art\/en\/wp-json\/wp\/v2\/types\/page"}],"author":[{"embeddable":true,"href":"https:\/\/helenakolody.art\/en\/wp-json\/wp\/v2\/users\/2"}],"replies":[{"embeddable":true,"href":"https:\/\/helenakolody.art\/en\/wp-json\/wp\/v2\/comments?post=51"}],"version-history":[{"count":76,"href":"https:\/\/helenakolody.art\/en\/wp-json\/wp\/v2\/pages\/51\/revisions"}],"predecessor-version":[{"id":1356,"href":"https:\/\/helenakolody.art\/en\/wp-json\/wp\/v2\/pages\/51\/revisions\/1356"}],"wp:attachment":[{"href":"https:\/\/helenakolody.art\/en\/wp-json\/wp\/v2\/media?parent=51"}],"curies":[{"name":"wp","href":"https:\/\/api.w.org\/{rel}","templated":true}]}}