{"id":23,"date":"2025-02-25T11:30:32","date_gmt":"2025-02-25T14:30:32","guid":{"rendered":"https:\/\/helenakolody.art\/?page_id=23"},"modified":"2025-08-22T18:50:04","modified_gmt":"2025-08-22T21:50:04","slug":"contato","status":"publish","type":"page","link":"https:\/\/helenakolody.art\/en\/contato\/","title":{"rendered":"Contato"},"content":{"rendered":"\t\t<div data-elementor-type=\"wp-page\" data-elementor-id=\"23\" class=\"elementor elementor-23\" data-elementor-post-type=\"page\">\n\t\t\t\t<div class=\"elementor-element elementor-element-a3de1e7 elementor-hidden-desktop elementor-hidden-tablet elementor-hidden-mobile e-flex e-con-boxed e-con e-parent\" data-id=\"a3de1e7\" data-element_type=\"container\">\n\t\t\t\t\t<div class=\"e-con-inner\">\n\t\t\t\t<div class=\"elementor-element elementor-element-97a3706 elementor-invisible elementor-widget elementor-widget-heading\" data-id=\"97a3706\" data-element_type=\"widget\" data-settings=\"{&quot;_animation&quot;:&quot;fadeInDown&quot;}\" data-widget_type=\"heading.default\">\n\t\t\t\t<div class=\"elementor-widget-container\">\n\t\t\t\t\t<h2 class=\"elementor-heading-title elementor-size-default\">contato.<\/h2>\t\t\t\t<\/div>\n\t\t\t\t<\/div>\n\t\t\t\t\t<\/div>\n\t\t\t\t<\/div>\n\t\t<div class=\"elementor-element elementor-element-a1d3e1b e-con-full e-flex e-con e-parent\" data-id=\"a1d3e1b\" data-element_type=\"container\">\n\t\t\t\t<div class=\"elementor-element elementor-element-33cd93d elementor-hidden-tablet elementor-hidden-mobile elementor-widget elementor-widget-image\" data-id=\"33cd93d\" data-element_type=\"widget\" data-widget_type=\"image.default\">\n\t\t\t\t<div class=\"elementor-widget-container\">\n\t\t\t\t\t\t\t\t\t\t\t\t\t\t\t<img fetchpriority=\"high\" decoding=\"async\" width=\"1662\" height=\"150\" src=\"https:\/\/helenakolody.art\/wp-content\/uploads\/2025\/07\/barra-v5.png\" class=\"attachment-full size-full wp-image-1323\" alt=\"\" srcset=\"https:\/\/helenakolody.art\/wp-content\/uploads\/2025\/07\/barra-v5.png 1662w, https:\/\/helenakolody.art\/wp-content\/uploads\/2025\/07\/barra-v5-300x27.png 300w, https:\/\/helenakolody.art\/wp-content\/uploads\/2025\/07\/barra-v5-1024x92.png 1024w, https:\/\/helenakolody.art\/wp-content\/uploads\/2025\/07\/barra-v5-768x69.png 768w, https:\/\/helenakolody.art\/wp-content\/uploads\/2025\/07\/barra-v5-1536x139.png 1536w\" sizes=\"(max-width: 1662px) 100vw, 1662px\" \/>\t\t\t\t\t\t\t\t\t\t\t\t\t\t\t<\/div>\n\t\t\t\t<\/div>\n\t\t\t\t<div class=\"elementor-element elementor-element-a286486 elementor-hidden-desktop elementor-widget elementor-widget-image\" data-id=\"a286486\" data-element_type=\"widget\" data-widget_type=\"image.default\">\n\t\t\t\t<div class=\"elementor-widget-container\">\n\t\t\t\t\t\t\t\t\t\t\t\t\t\t\t<img fetchpriority=\"high\" decoding=\"async\" width=\"1662\" height=\"150\" src=\"https:\/\/helenakolody.art\/wp-content\/uploads\/2025\/07\/barra-v5.png\" class=\"attachment-full size-full wp-image-1323\" alt=\"\" srcset=\"https:\/\/helenakolody.art\/wp-content\/uploads\/2025\/07\/barra-v5.png 1662w, https:\/\/helenakolody.art\/wp-content\/uploads\/2025\/07\/barra-v5-300x27.png 300w, https:\/\/helenakolody.art\/wp-content\/uploads\/2025\/07\/barra-v5-1024x92.png 1024w, https:\/\/helenakolody.art\/wp-content\/uploads\/2025\/07\/barra-v5-768x69.png 768w, https:\/\/helenakolody.art\/wp-content\/uploads\/2025\/07\/barra-v5-1536x139.png 1536w\" sizes=\"(max-width: 1662px) 100vw, 1662px\" \/>\t\t\t\t\t\t\t\t\t\t\t\t\t\t\t<\/div>\n\t\t\t\t<\/div>\n\t\t\t\t<\/div>\n\t\t<div class=\"elementor-element elementor-element-20f9223 e-flex e-con-boxed e-con e-parent\" data-id=\"20f9223\" data-element_type=\"container\">\n\t\t\t\t\t<div class=\"e-con-inner\">\n\t\t<div class=\"elementor-element elementor-element-c115e8c e-con-full e-flex e-con e-child\" data-id=\"c115e8c\" data-element_type=\"container\">\n\t\t\t\t<div class=\"elementor-element elementor-element-8259fcd elementor-widget elementor-widget-text-editor\" data-id=\"8259fcd\" data-element_type=\"widget\" data-widget_type=\"text-editor.default\">\n\t\t\t\t<div class=\"elementor-widget-container\">\n\t\t\t\t\t\t\t\t\t<p>Contato para licenciamentos, parcerias, publica\u00e7\u00f5es, consultas e colabora\u00e7\u00f5es ao acervo, site e museu virtual <strong>Helena Kolody<\/strong>:<\/p><p>helenakolodycultural@gmail.com<\/p>\t\t\t\t\t\t\t\t<\/div>\n\t\t\t\t<\/div>\n\t\t\t\t<div class=\"elementor-element elementor-element-c9fdc8c elementor-widget elementor-widget-text-editor\" data-id=\"c9fdc8c\" data-element_type=\"widget\" data-widget_type=\"text-editor.default\">\n\t\t\t\t<div class=\"elementor-widget-container\">\n\t\t\t\t\t\t\t\t\t<p><strong>EQUIPE DO PROJETO ACERVO HELENA KOLODY<\/strong><\/p><p><strong>Eduardo Kolody<\/strong> &#8211; Produtor e Historiador<br \/><strong>Christiane Kolody<\/strong> &#8211; Produtora<br \/><strong>Thiago Pitaluga<\/strong> &#8211; Biblioteconomia<br \/><strong>Ricardo Pedrosa Macedo<\/strong> &#8211; Fotografia<br \/><strong>Luciano Costa<\/strong> &#8211; Design Gr\u00e1fico<br \/><strong>David Luiz de Moura<\/strong> &#8211; Desenvolvedor<br \/><strong>Luisa Cristina dos Santos Fontes<\/strong> &#8211; Palestrante<br \/><strong>Renata Peterlini<\/strong> &#8211; Comunica\u00e7\u00e3o<br \/><strong>Kathya Fecher<\/strong> &#8211; Assistente de Bilioteconomia<br \/><strong>Cassiana Maciel<\/strong> &#8211; Assistente de Bilioteconomia<br \/><strong>Meire Abe<\/strong> &#8211; Capta\u00e7\u00e3o<\/p>\t\t\t\t\t\t\t\t<\/div>\n\t\t\t\t<\/div>\n\t\t\t\t<\/div>\n\t\t<div class=\"elementor-element elementor-element-5527af6 e-con-full e-flex e-con e-child\" data-id=\"5527af6\" data-element_type=\"container\">\n\t\t\t\t<div class=\"elementor-element elementor-element-8a5dcd2 elementor-widget elementor-widget-image\" data-id=\"8a5dcd2\" data-element_type=\"widget\" data-widget_type=\"image.default\">\n\t\t\t\t<div class=\"elementor-widget-container\">\n\t\t\t\t\t\t\t\t\t\t\t\t\t\t\t<img decoding=\"async\" width=\"567\" height=\"462\" src=\"https:\/\/helenakolody.art\/wp-content\/uploads\/2025\/06\/contato.png\" class=\"attachment-large size-large wp-image-378\" alt=\"\" srcset=\"https:\/\/helenakolody.art\/wp-content\/uploads\/2025\/06\/contato.png 567w, https:\/\/helenakolody.art\/wp-content\/uploads\/2025\/06\/contato-300x244.png 300w\" sizes=\"(max-width: 567px) 100vw, 567px\" \/>\t\t\t\t\t\t\t\t\t\t\t\t\t\t\t<\/div>\n\t\t\t\t<\/div>\n\t\t\t\t<\/div>\n\t\t\t\t\t<\/div>\n\t\t\t\t<\/div>\n\t\t<div class=\"elementor-element elementor-element-b7c5b12 e-flex e-con-boxed e-con e-parent\" data-id=\"b7c5b12\" data-element_type=\"container\">\n\t\t\t\t\t<div class=\"e-con-inner\">\n\t\t\t\t<div class=\"elementor-element elementor-element-787a38d elementor-widget-divider--view-line elementor-widget elementor-widget-divider\" data-id=\"787a38d\" data-element_type=\"widget\" data-widget_type=\"divider.default\">\n\t\t\t\t<div class=\"elementor-widget-container\">\n\t\t\t\t\t\t\t<div class=\"elementor-divider\">\n\t\t\t<span class=\"elementor-divider-separator\">\n\t\t\t\t\t\t<\/span>\n\t\t<\/div>\n\t\t\t\t\t\t<\/div>\n\t\t\t\t<\/div>\n\t\t\t\t\t<\/div>\n\t\t\t\t<\/div>\n\t\t\t\t<\/div>\n\t\t","protected":false},"excerpt":{"rendered":"<p>contato. Contato para licenciamentos, parcerias, publica\u00e7\u00f5es, consultas e colabora\u00e7\u00f5es ao acervo, site e museu virtual Helena Kolody: helenakolodycultural@gmail.com EQUIPE DO PROJETO ACERVO HELENA KOLODY Eduardo Kolody &#8211; Produtor e HistoriadorChristiane Kolody &#8211; ProdutoraThiago Pitaluga &#8211; BiblioteconomiaRicardo Pedrosa Macedo &#8211; FotografiaLuciano Costa &#8211; Design Gr\u00e1ficoDavid Luiz de Moura &#8211; DesenvolvedorLuisa Cristina dos Santos Fontes &#8211; PalestranteRenata [&hellip;]<\/p>\n","protected":false},"author":1,"featured_media":0,"parent":0,"menu_order":0,"comment_status":"closed","ping_status":"closed","template":"elementor_header_footer","meta":{"footnotes":""},"class_list":["post-23","page","type-page","status-publish","hentry"],"_links":{"self":[{"href":"https:\/\/helenakolody.art\/en\/wp-json\/wp\/v2\/pages\/23","targetHints":{"allow":["GET"]}}],"collection":[{"href":"https:\/\/helenakolody.art\/en\/wp-json\/wp\/v2\/pages"}],"about":[{"href":"https:\/\/helenakolody.art\/en\/wp-json\/wp\/v2\/types\/page"}],"author":[{"embeddable":true,"href":"https:\/\/helenakolody.art\/en\/wp-json\/wp\/v2\/users\/1"}],"replies":[{"embeddable":true,"href":"https:\/\/helenakolody.art\/en\/wp-json\/wp\/v2\/comments?post=23"}],"version-history":[{"count":52,"href":"https:\/\/helenakolody.art\/en\/wp-json\/wp\/v2\/pages\/23\/revisions"}],"predecessor-version":[{"id":1429,"href":"https:\/\/helenakolody.art\/en\/wp-json\/wp\/v2\/pages\/23\/revisions\/1429"}],"wp:attachment":[{"href":"https:\/\/helenakolody.art\/en\/wp-json\/wp\/v2\/media?parent=23"}],"curies":[{"name":"wp","href":"https:\/\/api.w.org\/{rel}","templated":true}]}}